{"id":24,"date":"2020-09-01T12:53:27","date_gmt":"2020-09-01T15:53:27","guid":{"rendered":"https:\/\/okituke.com.br\/noticias\/?page_id=24"},"modified":"2020-09-02T10:12:34","modified_gmt":"2020-09-02T13:12:34","slug":"pagina-inicial","status":"publish","type":"page","link":"https:\/\/okituke.com.br\/noticias\/en\/","title":{"rendered":"P\u00e1gina inicial"},"content":{"rendered":"<div class=\"col-md-5\">\n<h3>Sobre o KitSite<\/h3>\n<div>\n<div><span>Kitsite@Okituke is a plataform of webmarketing developed based on a lot of ideas from its architect, Doralmir Rosa. He wanted to offer a simple yet pratical <em>mini-sites<\/em>, ou <em>apps<\/em>for business of small to medium sizes - who can't afford costly websites and their high maintenance fee - to share their products and attract new buyers.<\/span><\/div>\n<\/div>\n<\/div>\n<div class=\"col-md-6 col-md-offset-1\"><img loading=\"lazy\" src=\"https:\/\/okituke.com.br\/noticias\/wp-content\/uploads\/2020\/09\/publicdomainq-idea-300x235.png\" alt=\"\" class=\"alignnone wp-image-97 size-medium\" width=\"300\" height=\"235\" srcset=\"https:\/\/okituke.com.br\/noticias\/wp-content\/uploads\/2020\/09\/publicdomainq-idea-300x235.png 300w, https:\/\/okituke.com.br\/noticias\/wp-content\/uploads\/2020\/09\/publicdomainq-idea.png 500w\" sizes=\"(max-width: 300px) 100vw, 300px\" \/><\/div>","protected":false},"excerpt":{"rendered":"<p>Sobre o KitSite Kitsite@Okituke \u00e9 uma plataforma de webmarketing desenvolvida a partir de v\u00e1rias ideias de seu planejador, Doralmir Rosa. Seu intuito era oferecer uma maneira simples e pr\u00e1tica mini-sites, ou apps, para que empresas, pequenas e m\u00e9dias, pudessem divulgar informa\u00e7\u00f5es sobre seus neg\u00f3cios e atrair clientes.<\/p>","protected":false},"author":1,"featured_media":0,"parent":0,"menu_order":0,"comment_status":"closed","ping_status":"closed","template":"","meta":[],"_links":{"self":[{"href":"https:\/\/okituke.com.br\/noticias\/en\/wp-json\/wp\/v2\/pages\/24"}],"collection":[{"href":"https:\/\/okituke.com.br\/noticias\/en\/wp-json\/wp\/v2\/pages"}],"about":[{"href":"https:\/\/okituke.com.br\/noticias\/en\/wp-json\/wp\/v2\/types\/page"}],"author":[{"embeddable":true,"href":"https:\/\/okituke.com.br\/noticias\/en\/wp-json\/wp\/v2\/users\/1"}],"replies":[{"embeddable":true,"href":"https:\/\/okituke.com.br\/noticias\/en\/wp-json\/wp\/v2\/comments?post=24"}],"version-history":[{"count":6,"href":"https:\/\/okituke.com.br\/noticias\/en\/wp-json\/wp\/v2\/pages\/24\/revisions"}],"predecessor-version":[{"id":126,"href":"https:\/\/okituke.com.br\/noticias\/en\/wp-json\/wp\/v2\/pages\/24\/revisions\/126"}],"wp:attachment":[{"href":"https:\/\/okituke.com.br\/noticias\/en\/wp-json\/wp\/v2\/media?parent=24"}],"curies":[{"name":"wp","href":"https:\/\/api.w.org\/{rel}","templated":true}]}}