{"id":19,"date":"2020-09-01T12:53:27","date_gmt":"2020-09-01T15:53:27","guid":{"rendered":"https:\/\/okituke.com.br\/noticias\/?page_id=19"},"modified":"2020-09-01T13:31:00","modified_gmt":"2020-09-01T16:31:00","slug":"sobre","status":"publish","type":"page","link":"https:\/\/okituke.com.br\/noticias\/sobre\/","title":{"rendered":"Sobre"},"content":{"rendered":"\n<p>Kitsite@Okituke \u00e9 uma plataforma de webmarketing desenvolvida a partir de v\u00e1rias ideias de seu planejador, @doralmir. Seu intuito era oferecer uma maneira simples e pr\u00e1tica <em>mini-sites<\/em>, ou <em>apps<\/em>, para que empresas, pequenas e m\u00e9dias, pudessem divulgar informa\u00e7\u00f5es sobre seus neg\u00f3cios e atrair clientes.<br><br>A ideia ganhou for\u00e7a na \u00e9poca da febre de smartphones. Naquela \u00e9poca, j\u00e1 consolidados como ferramentas do nosso dia a dia. O site foi totalmente constru\u00eddo com pensamento de aparelhos port\u00e1teis, e de tal forma todas as suas fun\u00e7\u00f5es e ferramentas t\u00eam como principal objetivo um casamento entre praticidade e beleza para usu\u00e1rios de todas as faixas et\u00e1rias e origens.<br><br>Atualmente o Kitesite@Okituk\u00e9 \u00e9 mantido por @doralmir e sua institui\u00e7\u00e3o, Multikombrasil, que contrata servi\u00e7os da Scripta, uma pequena ag\u00eancia de programa\u00e7\u00e3o e solu\u00e7\u00f5es digitais.<br><br>At\u00e9 o presente momento, a atua\u00e7\u00e3o da MultikomBrasil e de seu produto, Kitsite@Okituke se d\u00e1 apenas no Brasil, com planos para expans\u00e3o.<\/p>\n","protected":false},"excerpt":{"rendered":"<p>Kitsite@Okituke \u00e9 uma plataforma de webmarketing desenvolvida a partir de v\u00e1rias ideias de seu planejador, @doralmir. Seu intuito era oferecer uma maneira simples e pr\u00e1tica mini-sites, ou apps, para que empresas, pequenas e m\u00e9dias, pudessem divulgar informa\u00e7\u00f5es sobre seus neg\u00f3cios e atrair clientes. A ideia ganhou for\u00e7a na \u00e9poca da [&hellip;]<\/p>\n","protected":false},"author":1,"featured_media":0,"parent":0,"menu_order":0,"comment_status":"closed","ping_status":"closed","template":"","meta":[],"_links":{"self":[{"href":"https:\/\/okituke.com.br\/noticias\/wp-json\/wp\/v2\/pages\/19"}],"collection":[{"href":"https:\/\/okituke.com.br\/noticias\/wp-json\/wp\/v2\/pages"}],"about":[{"href":"https:\/\/okituke.com.br\/noticias\/wp-json\/wp\/v2\/types\/page"}],"author":[{"embeddable":true,"href":"https:\/\/okituke.com.br\/noticias\/wp-json\/wp\/v2\/users\/1"}],"replies":[{"embeddable":true,"href":"https:\/\/okituke.com.br\/noticias\/wp-json\/wp\/v2\/comments?post=19"}],"version-history":[{"count":2,"href":"https:\/\/okituke.com.br\/noticias\/wp-json\/wp\/v2\/pages\/19\/revisions"}],"predecessor-version":[{"id":52,"href":"https:\/\/okituke.com.br\/noticias\/wp-json\/wp\/v2\/pages\/19\/revisions\/52"}],"wp:attachment":[{"href":"https:\/\/okituke.com.br\/noticias\/wp-json\/wp\/v2\/media?parent=19"}],"curies":[{"name":"wp","href":"https:\/\/api.w.org\/{rel}","templated":true}]}}